{"id":425,"date":"2013-07-10T15:47:29","date_gmt":"2013-07-10T15:47:29","guid":{"rendered":"http:\/\/edua.gov.co\/?page_id=425"},"modified":"2026-04-23T14:31:34","modified_gmt":"2026-04-23T19:31:34","slug":"foro-edua","status":"publish","type":"page","link":"https:\/\/edua.gov.co\/?page_id=425","title":{"rendered":"PQRS"},"content":{"rendered":"<div role=\"form\" class=\"wpcf7\" id=\"wpcf7-f2050-o1\" lang=\"es-ES\" dir=\"ltr\">\n<div class=\"screen-reader-response\"><p role=\"status\" aria-live=\"polite\" aria-atomic=\"true\"><\/p> <ul><\/ul><\/div>\n<form action=\"\/index.php?rest_route=%2Fwp%2Fv2%2Fpages%2F425#wpcf7-f2050-o1\" method=\"post\" class=\"wpcf7-form init\" enctype=\"multipart\/form-data\" novalidate=\"novalidate\" data-status=\"init\">\n<div style=\"display: none;\">\n<input type=\"hidden\" name=\"_wpcf7\" value=\"2050\" \/>\n<input type=\"hidden\" name=\"_wpcf7_version\" value=\"5.5.6.1\" \/>\n<input type=\"hidden\" name=\"_wpcf7_locale\" value=\"es_ES\" \/>\n<input type=\"hidden\" name=\"_wpcf7_unit_tag\" value=\"wpcf7-f2050-o1\" \/>\n<input type=\"hidden\" name=\"_wpcf7_container_post\" value=\"0\" \/>\n<input type=\"hidden\" name=\"_wpcf7_posted_data_hash\" value=\"\" \/>\n<\/div>\n<h3>Formulario de Solicitudes, Peticiones, Quejas, Reclamos y Sugerencias<\/h3>\n<p><label> Asunto<br \/>\n    <span class=\"wpcf7-form-control-wrap menu-asunto\"><select name=\"menu-asunto\" class=\"wpcf7-form-control wpcf7-select wpcf7-validates-as-required\" aria-required=\"true\" aria-invalid=\"false\"><option value=\"\">---<\/option><option value=\"Solicitud de Aprovechamiento\">Solicitud de Aprovechamiento<\/option><option value=\"Solicitud de Arrendamiento\">Solicitud de Arrendamiento<\/option><option value=\"Petici\u00f3n\">Petici\u00f3n<\/option><option value=\"Queja\">Queja<\/option><option value=\"Reclamo\">Reclamo<\/option><option value=\"Sugerencia\">Sugerencia<\/option><\/select><\/span><br \/>\n<\/label><\/p>\n<p><label> Tipo de Bien<br \/>\n    <span class=\"wpcf7-form-control-wrap menu-bien\"><select name=\"menu-bien\" class=\"wpcf7-form-control wpcf7-select wpcf7-validates-as-required\" aria-required=\"true\" aria-invalid=\"false\"><option value=\"\">---<\/option><option value=\"Centro Comercial del Caf\u00e9\">Centro Comercial del Caf\u00e9<\/option><option value=\"Bien Fiscal\">Bien Fiscal<\/option><option value=\"Espacio Publico\">Espacio Publico<\/option><option value=\"No aplica para la solicitud\">No aplica para la solicitud<\/option><\/select><\/span><br \/>\n<\/label><\/p>\n<p><label> Nombre completo<br \/>\n    <span class=\"wpcf7-form-control-wrap your-name\"><input type=\"text\" name=\"your-name\" value=\"\" size=\"40\" class=\"wpcf7-form-control wpcf7-text wpcf7-validates-as-required\" aria-required=\"true\" aria-invalid=\"false\" \/><\/span><br \/>\n<\/label><\/p>\n<p><label> Tipo de Documento<br \/>\n    <span class=\"wpcf7-form-control-wrap menu-tipo-doc\"><select name=\"menu-tipo-doc\" class=\"wpcf7-form-control wpcf7-select wpcf7-validates-as-required\" aria-required=\"true\" aria-invalid=\"false\"><option value=\"\">---<\/option><option value=\"C\u00e9dula de Ciudadan\u00eda\">C\u00e9dula de Ciudadan\u00eda<\/option><option value=\"NUIP\">NUIP<\/option><option value=\"C\u00e9dula de Extranjer\u00eda\">C\u00e9dula de Extranjer\u00eda<\/option><option value=\"NIT\">NIT<\/option><option value=\"Pasaporte\">Pasaporte<\/option><\/select><\/span><br \/>\n<\/label><\/p>\n<p><label> Documento de Identidad<br \/>\n    <span class=\"wpcf7-form-control-wrap your-CC\"><input type=\"text\" name=\"your-CC\" value=\"\" size=\"40\" class=\"wpcf7-form-control wpcf7-text wpcf7-validates-as-required\" aria-required=\"true\" aria-invalid=\"false\" \/><\/span><br \/>\n<\/label><\/p>\n<p><label> Tel\u00e9fono<br \/>\n    <span class=\"wpcf7-form-control-wrap tel-962\"><input type=\"tel\" name=\"tel-962\" value=\"\" size=\"40\" class=\"wpcf7-form-control wpcf7-text wpcf7-tel wpcf7-validates-as-required wpcf7-validates-as-tel\" aria-required=\"true\" aria-invalid=\"false\" \/><\/span><br \/>\n<\/label><\/p>\n<p><label> Modalidad de recepci\u00f3n de la respuesta<br \/>\n    <span class=\"wpcf7-form-control-wrap menu-respuesta\"><select name=\"menu-respuesta\" class=\"wpcf7-form-control wpcf7-select wpcf7-validates-as-required\" aria-required=\"true\" aria-invalid=\"false\"><option value=\"\">---<\/option><option value=\"Correo electr\u00f3nico\">Correo electr\u00f3nico<\/option><option value=\"Direcci\u00f3n de correspondencia\">Direcci\u00f3n de correspondencia<\/option><\/select><\/span><br \/>\n<\/label><\/p>\n<p><label> Correo electr\u00f3nico<br \/>\n    <span class=\"wpcf7-form-control-wrap emailEdua\"><input type=\"email\" name=\"emailEdua\" value=\"\" size=\"40\" class=\"wpcf7-form-control wpcf7-text wpcf7-email wpcf7-validates-as-required wpcf7-validates-as-email\" aria-required=\"true\" aria-invalid=\"false\" \/><\/span><br \/>\n<\/label><\/p>\n<p><label> Direcci\u00f3n de correspondencia (Si aplica)<br \/>\n    <span class=\"wpcf7-form-control-wrap direccion-correspondencia\"><input type=\"text\" name=\"direccion-correspondencia\" value=\"\" size=\"40\" class=\"wpcf7-form-control wpcf7-text wpcf7-validates-as-required\" aria-required=\"true\" aria-invalid=\"false\" \/><\/span><br \/>\n<\/label><\/p>\n<p><label> Mensaje (Para arrendamiento\/aprovechamiento, indicar direcci\u00f3n, ubicaci\u00f3n y actividad econ\u00f3mica)<br \/>\n    <span class=\"wpcf7-form-control-wrap your-message\"><textarea name=\"your-message\" cols=\"40\" rows=\"10\" class=\"wpcf7-form-control wpcf7-textarea wpcf7-validates-as-required\" aria-required=\"true\" aria-invalid=\"false\"><\/textarea><\/span><br \/>\n<\/label><\/p>\n<p>Adjuntar documento (JPG, PDF, WORD):<\/p>\n<p><span class=\"wpcf7-form-control-wrap file-953\"><input type=\"file\" name=\"file-953\" size=\"40\" class=\"wpcf7-form-control wpcf7-file\" accept=\".jpg,.pdf,.docx\" aria-invalid=\"false\" \/><\/span><\/p>\n<div class=\"g-recaptcha\" data-sitekey=\"6LfGiBoUAAAAAKxL-EM_hiOaxZhQVbOMdnENiXtY\"><\/div>\n<p><input type=\"submit\" value=\"Enviar\" class=\"wpcf7-form-control has-spinner wpcf7-submit\" \/><\/p>\n<div class=\"wpcf7-response-output\" aria-hidden=\"true\"><\/div><\/form><\/div>\n<hr>\n<p>&nbsp;<\/p>\n<div class='mf-ad-above-forum'><\/div><br\/><div id='wpf-wrapper'><div class='wpf'>\r\n\r\n\t\t\t\t<table width='100%' class='wpf-table' id='profileHeader'>\r\n\t\t\t\t\t<tr>\r\n\t\t\t\t\t\t<th  ><h4 style='float:left;'>Bienvenido <strong>Invitado<\/strong>&nbsp;<\/h4>\r\n\t\t\t\t\t\t<a id='upshrink' style='float:right;' href='#' onclick='shrinkHeader(!current_header); return false;'>Mostrar \/ Ocultar encabezado<\/a>\r\n\t\t\t\t\t\t<\/th>\r\n\t\t\t\t\t<\/tr>\r\n\r\n\t\t\t\t\t<tr id='upshrinkHeader'>\r\n\t\t\t\t\t\t\r\n\t\t\t\t\t\t<td valign='top'><p>Bienvenido Invitado, publicar en este foro requiere <a href='https:\/\/edua.gov.co\/wp-login.php?action=register'>registrarse.<\/a><\/p><form action='https:\/\/edua.gov.co\/wp-login.php' method='post'>\r\n\t\t\t\t<label style='font-size:100%;' for='log'>Nombre de usuario:<\/label><br \/><input type='text' name='log' id='log' value='' size='20' class='wpf-input'\/><br \/>\r\n\t\t\t\t<label style='font-size:100%;' for='pwd'>Contrase\u00f1a:<\/label><br \/><input type='password' name='pwd' id='pwd' size='20' class='wpf-input'\/> \r\n\t\t\t\t<input type='submit' name='submit' value='Login' id='wpf-login-button' class='button' \/><br \/>\r\n\t\t\t\t<label style='font-size:100%;' for='rememberme'><input name='rememberme' id='rememberme' type='checkbox' checked='checked' value='forever' \/> Recordarme<\/label>\r\n\t\t\t\t\r\n\t\t\t\t<input type='hidden' name='redirect_to' value='\/index.php?rest_route=%2Fwp%2Fv2%2Fpages%2F425'\/>\r\n\t\t\t<\/form><\/td>\r\n\t\t\t\t\t<\/tr>\r\n\r\n\t\t\t\t\t<tr id='upshrinkHeader2'>\r\n\t\t\t\t\t\t<th class='wpf-bright'  align='right'>\r\n\t\t\t\t\t\t\t<div>\r\n\t\t\t\t\t\t\t\t<form name='wpf_search_form' method='post' action='https:\/\/edua.gov.co\/?page_id=425&mingleforumaction=search'>\r\n\t\t\t\t\t\t\t\t\t<input type='text' name='search_words' class='wpf-input' \/>\r\n\t\t\t\t\t\t\t\t\t<input type='submit' id='wpf-search-submit' name='search_submit' value='Buscar en los Foros' \/>\r\n\t\t\t\t\t\t\t\t<\/form>\r\n\t\t\t\t\t\t\t<\/div>\r\n\t\t\t\t\t\t<\/th>\r\n\t\t\t\t\t<\/tr>\r\n\t\t\t\t<\/table>\r\n\t\t\t<\/div><p id='trail' class='breadcrumbs'><a href='https:\/\/edua.gov.co\/?page_id=425'>Foro<\/a><\/p><div class='wpf'><table width='100%' class='wpf-table forumsList'><tr><th colspan='4'><a href='https:\/\/edua.gov.co\/?page_id=425&mingleforumaction=vforum&g=1.0'>Edua<\/a><\/th><\/tr><\/table>\r\n\t\t\t<\/div><br class='clear'\/><table>\r\n\t\t\t\t\t<tr>\r\n\t\t\t\t\t\t<td><small><img alt='' align='top' src='https:\/\/edua.gov.co\/wp-content\/plugins\/mingle-forum\/default-skin\/Default\/images\/new_some.gif' \/> Nuevos mensajes <img alt='' align='top' src='https:\/\/edua.gov.co\/wp-content\/plugins\/mingle-forum\/default-skin\/Default\/images\/new_none.gif' \/> No hay mensajes nuevos - <a href='https:\/\/edua.gov.co\/?page_id=425&markallread=true'>Mark All Read<\/a><\/small><\/td>\r\n\t\t\t\t\t<\/tr>\r\n\t\t\t\t<\/table><br class='clear'\/><div class='wpf'><table class='wpf-table' width='100%' cellspacing='0' cellpadding='0'><tr>\r\n\t\t\t\t\t\t\t\t\t<th align='center' colspan='2'>Centro de Informaci\u00f3n<\/th>\r\n\t\t\t\t\t\t\t\t<\/tr>\r\n\t\t\t\t\t\t\t\t<tr>\r\n\t\t\t\t\t\t\t\t<\/tr>\r\n\t\t\t\t\t\t\t\t<tr>\r\n\t\t\t\t\t\t\t\t\t<td width='3%' class='forumIcon' align='center'><img alt='' src='https:\/\/edua.gov.co\/wp-content\/plugins\/mingle-forum\/default-skin\/Default\/images\/icons\/info.gif' \/><\/td>\r\n\t\t\t\t\t\t\t\t\t<td>\r\n\t\t\t\t\t\t\t\t\t\t1 Comentarios en 1 Temas abiertos por 2 Miembros. \u00daltimo usuario: <a href='https:\/\/edua.gov.co\/?page_id=425&mingleforumaction=profile&id=2' title='Ver perfil'>Harrison<\/a>\r\n\t\t\t\t\t\t\t\t\t\t<br \/>\u00daltimo mensaje de <a href='https:\/\/edua.gov.co\/?page_id=425&mingleforumaction=profile&id=1' title='Ver perfil'>admin_edua2012<\/a><br \/>en March 31, 2014, 22:51\r\n\t\t\t\t\t\t\t\t\t<\/td>\r\n\t\t\t\t\t\t\t\t<\/tr>\r\n\t\t\t\t\t\t<\/table><\/div><div id='wpf-info'><small>\r\n        Foro Mingle by <a href='http:\/\/cartpauj.com'>cartpauj<\/a><br \/> \r\n        Versi\u00f3n: 1.0.34\r; \r\n        P\u00e1gina cargada en: 0.015 segundos.<\/small>\r\n      <\/div><\/div>\n<p>&nbsp;<\/p>\n<form id=\"vozme_form_153ce50afe118d1a3be9a4b1c0b994af\" method=\"post\" name=\"vozme_form_153ce50afe118d1a3be9a4b1c0b994af\" target=\"153ce50afe118d1a3be9a4b1c0b994af\" action=\"http:\/\/vozme.com\/text2voice.php\"><input name=\"text\" type=\"hidden\" value=\"PQRS. [contact-form-7 id=&quot;2050&quot; title=&quot;Formulario de contacto 1&quot;]\n\n&nbsp;\n[mingleforum]\n&nbsp;\n\" \/><input name=\"lang\" type=\"hidden\" value=\"es\" \/><input name=\"gn\" type=\"hidden\" value=\"ml\" \/><input type=\"hidden\" id=\"interface\" name=\"interface\" value=\"full\" \/>\r\n\t\t\t<div style=\"text-align:left;\">\r\n\t\t\t\r\n\t\t\t\t<input style=\"float:left;\" type=\"image\" width=\"40\" height=\"40\" src=\"https:\/\/edua.gov.co\/wp-content\/plugins\/vozme\/img\/megaphone40x40w.gif\" alt=\"Escucha este post\" onclick=\"window.open('', '153ce50afe118d1a3be9a4b1c0b994af', 'width=600,height=370,scrollbars=yes,location=yes,menubar=yes,resizable=yes,status=yes,toolbar=yes');\">\r\n\t\t\t\t<div style=\"margin-left:48px; text-align:left;\"><a style=\"font-size:12px;\" href=\"javascript:void(0);\" onclick=\"window.open('', '153ce50afe118d1a3be9a4b1c0b994af', 'width=600,height=370,scrollbars=yes,location=yes,menubar=yes,resizable=yes,status=yes,toolbar=yes'); document.getElementById('vozme_form_153ce50afe118d1a3be9a4b1c0b994af').submit();\">Escucha<br\/>este post<\/a><\/div>\r\n\t\t\t<\/div><\/form><script src='http:\/\/www.sonowebs.com\/scripts\/sonowebs.js' type='text\/javascript'><\/script><script type='text\/javascript'>printPlayer('flash','black','Escuchar noticia','','http:\/\/www.sonowebs.com\/images\/play.png','es','','','','PQRS','%5Bcontact-form-7+id%3D%222050%22+title%3D%22Formulario+de+contacto+1%22%5D%0A%3Chr%3E%0A%3Cp%3E%26nbsp%3B%3C%2Fp%3E%0A%5Bmingleforum%5D%0A%3Cp%3E%26nbsp%3B%3C%2Fp%3E%0A%3Cform+id%3D%22vozme_form_153ce50afe118d1a3be9a4b1c0b994af%22+method%3D%22post%22+name%3D%22vozme_form_153ce50afe118d1a3be9a4b1c0b994af%22+target%3D%22153ce50afe118d1a3be9a4b1c0b994af%22+action%3D%22http%3A%2F%2Fvozme.com%2Ftext2voice.php%22%3E%3Cinput+name%3D%22text%22+type%3D%22hidden%22+value%3D%22PQRS.+%5Bcontact-form-7+id%3D%26quot%3B2050%26quot%3B+title%3D%26quot%3BFormulario+de+contacto+1%26quot%3B%5D%0A%0A%26nbsp%3B%0A%5Bmingleforum%5D%0A%26nbsp%3B%0A%22+%2F%3E%3Cinput+name%3D%22lang%22+type%3D%22hidden%22+value%3D%22es%22+%2F%3E%3Cinput+name%3D%22gn%22+type%3D%22hidden%22+value%3D%22ml%22+%2F%3E%3Cinput+type%3D%22hidden%22+id%3D%22interface%22+name%3D%22interface%22+value%3D%22full%22+%2F%3E%0D%0A%09%09%09%3Cdiv+style%3D%22text-align%3Aleft%3B%22%3E%0D%0A%09%09%09%0D%0A%09%09%09%09%3Cinput+style%3D%22float%3Aleft%3B%22+type%3D%22image%22+width%3D%2240%22+height%3D%2240%22+src%3D%22https%3A%2F%2Fedua.gov.co%2Fwp-content%2Fplugins%2Fvozme%2Fimg%2Fmegaphone40x40w.gif%22+alt%3D%22Escucha+este+post%22+onclick%3D%22window.open%28%27%27%2C+%27153ce50afe118d1a3be9a4b1c0b994af%27%2C+%27width%3D600%2Cheight%3D370%2Cscrollbars%3Dyes%2Clocation%3Dyes%2Cmenubar%3Dyes%2Cresizable%3Dyes%2Cstatus%3Dyes%2Ctoolbar%3Dyes%27%29%3B%22%3E%0D%0A%09%09%09%09%3Cdiv+style%3D%22margin-left%3A48px%3B+text-align%3Aleft%3B%22%3E%3Ca+style%3D%22font-size%3A12px%3B%22+href%3D%22javascript%3Avoid%280%29%3B%22+onclick%3D%22window.open%28%27%27%2C+%27153ce50afe118d1a3be9a4b1c0b994af%27%2C+%27width%3D600%2Cheight%3D370%2Cscrollbars%3Dyes%2Clocation%3Dyes%2Cmenubar%3Dyes%2Cresizable%3Dyes%2Cstatus%3Dyes%2Ctoolbar%3Dyes%27%29%3B+document.getElementById%28%27vozme_form_153ce50afe118d1a3be9a4b1c0b994af%27%29.submit%28%29%3B%22%3EEscucha%3Cbr%2F%3Eeste+post%3C%2Fa%3E%3C%2Fdiv%3E%0D%0A%09%09%09%3C%2Fdiv%3E%3C%2Fform%3E','','','','','232','20');<\/script>","protected":false},"excerpt":{"rendered":"<p>&nbsp; &nbsp; Escuchaeste post<\/p>\n","protected":false},"author":1,"featured_media":0,"parent":5933,"menu_order":4,"comment_status":"open","ping_status":"open","template":"","meta":{"ngg_post_thumbnail":0},"_links":{"self":[{"href":"https:\/\/edua.gov.co\/index.php?rest_route=\/wp\/v2\/pages\/425"}],"collection":[{"href":"https:\/\/edua.gov.co\/index.php?rest_route=\/wp\/v2\/pages"}],"about":[{"href":"https:\/\/edua.gov.co\/index.php?rest_route=\/wp\/v2\/types\/page"}],"author":[{"embeddable":true,"href":"https:\/\/edua.gov.co\/index.php?rest_route=\/wp\/v2\/users\/1"}],"replies":[{"embeddable":true,"href":"https:\/\/edua.gov.co\/index.php?rest_route=%2Fwp%2Fv2%2Fcomments&post=425"}],"version-history":[{"count":10,"href":"https:\/\/edua.gov.co\/index.php?rest_route=\/wp\/v2\/pages\/425\/revisions"}],"predecessor-version":[{"id":5935,"href":"https:\/\/edua.gov.co\/index.php?rest_route=\/wp\/v2\/pages\/425\/revisions\/5935"}],"up":[{"embeddable":true,"href":"https:\/\/edua.gov.co\/index.php?rest_route=\/wp\/v2\/pages\/5933"}],"wp:attachment":[{"href":"https:\/\/edua.gov.co\/index.php?rest_route=%2Fwp%2Fv2%2Fmedia&parent=425"}],"curies":[{"name":"wp","href":"https:\/\/api.w.org\/{rel}","templated":true}]}}